{"id":1646,"date":"2024-09-16T11:32:39","date_gmt":"2024-09-16T11:32:39","guid":{"rendered":"https:\/\/www.shengweimachine.com\/?page_id=1646"},"modified":"2024-09-16T11:41:17","modified_gmt":"2024-09-16T11:41:17","slug":"back-side-sealing-granular-vertical-packing-machine","status":"publish","type":"page","link":"https:\/\/www.shengweimachine.com\/vi\/full-automatic-vertical-packing-machine\/back-side-sealing-granular-vertical-packing-machine\/","title":{"rendered":"M\u00e1y \u0111\u00f3ng g\u00f3i \u0111\u1ee9ng t\u1ef1 \u0111\u1ed9ng h\u1ea1t ni\u00eam phong m\u1eb7t l\u01b0ng"},"content":{"rendered":"<div data-elementor-type=\"wp-page\" data-elementor-id=\"1646\" class=\"elementor elementor-1646\" data-elementor-post-type=\"page\">\n\t\t\t\t\t\t<section class=\"elementor-section elementor-top-section elementor-element elementor-element-2ccdb1b elementor-hidden-tablet elementor-hidden-mobile elementor-section-boxed elementor-section-height-default elementor-section-height-default\" data-id=\"2ccdb1b\" data-element_type=\"section\" data-e-type=\"section\">\n\t\t\t\t\t\t<div class=\"elementor-container elementor-column-gap-default\">\n\t\t\t\t\t<div class=\"elementor-column elementor-col-100 elementor-top-column elementor-element elementor-element-e9b5896\" data-id=\"e9b5896\" data-element_type=\"column\" data-e-type=\"column\">\n\t\t\t<div class=\"elementor-widget-wrap elementor-element-populated\">\n\t\t\t\t\t\t<div class=\"elementor-element elementor-element-c599380 elementor-widget elementor-widget-breadcrumbs\" data-id=\"c599380\" data-element_type=\"widget\" data-e-type=\"widget\" data-widget_type=\"breadcrumbs.default\">\n\t\t\t\t<div class=\"elementor-widget-container\">\n\t\t\t\t\t<nav aria-label=\"\u0111\u01b0\u1eddng d\u1eabn\" class=\"rank-math-breadcrumb\"><p><span class=\"last\">Trang ch\u1ee7<\/span><\/p><\/nav>\t\t\t\t<\/div>\n\t\t\t\t<\/div>\n\t\t\t\t\t<\/div>\n\t\t<\/div>\n\t\t\t\t\t<\/div>\n\t\t<\/section>\n\t\t\t\t<section class=\"elementor-section elementor-top-section elementor-element elementor-element-dd913b9 elementor-section-boxed elementor-section-height-default elementor-section-height-default\" data-id=\"dd913b9\" data-element_type=\"section\" data-e-type=\"section\">\n\t\t\t\t\t\t<div class=\"elementor-container elementor-column-gap-default\">\n\t\t\t\t\t<div class=\"elementor-column elementor-col-50 elementor-top-column elementor-element elementor-element-ab9deed\" data-id=\"ab9deed\" data-element_type=\"column\" data-e-type=\"column\">\n\t\t\t<div class=\"elementor-widget-wrap elementor-element-populated\">\n\t\t\t\t\t\t<div class=\"elementor-element elementor-element-9c44d3c elementor-widget elementor-widget-heading\" data-id=\"9c44d3c\" data-element_type=\"widget\" data-e-type=\"widget\" data-widget_type=\"heading.default\">\n\t\t\t\t<div class=\"elementor-widget-container\">\n\t\t\t\t\t<h1 class=\"elementor-heading-title elementor-size-default\">M\u00e1y \u0111\u00f3ng g\u00f3i \u0111\u1ee9ng t\u1ef1 \u0111\u1ed9ng h\u1ea1t ni\u00eam phong m\u1eb7t l\u01b0ng<\/h1>\t\t\t\t<\/div>\n\t\t\t\t<\/div>\n\t\t\t\t<div class=\"elementor-element elementor-element-08e2d8e elementor-widget elementor-widget-image\" data-id=\"08e2d8e\" data-element_type=\"widget\" data-e-type=\"widget\" data-widget_type=\"image.default\">\n\t\t\t\t<div class=\"elementor-widget-container\">\n\t\t\t\t\t\t\t\t\t\t\t\t<figure class=\"wp-caption\">\n\t\t\t\t\t\t\t\t\t\t<img decoding=\"async\" width=\"800\" height=\"800\" src=\"https:\/\/www.shengweimachine.com\/wp-content\/uploads\/2024\/09\/Back-Side-Sealing-Granular-Vertical-Packing-Machine-SW-2030A.webp\" class=\"attachment-full size-full wp-image-1558\" alt=\"M\u00e1y \u0111\u00f3ng g\u00f3i \u0111\u1ee9ng ShengWei Machine SW-2030A d\u00e0nh cho c\u00e1c s\u1ea3n ph\u1ea9m d\u1ea1ng h\u1ea1t nh\u01b0 \u0111\u01b0\u1eddng v\u00e0 h\u1ea1t h\u01b0\u1edbng d\u01b0\u01a1ng.\" srcset=\"https:\/\/www.shengweimachine.com\/wp-content\/uploads\/2024\/09\/Back-Side-Sealing-Granular-Vertical-Packing-Machine-SW-2030A.webp 800w, https:\/\/www.shengweimachine.com\/wp-content\/uploads\/2024\/09\/Back-Side-Sealing-Granular-Vertical-Packing-Machine-SW-2030A-300x300.webp 300w, https:\/\/www.shengweimachine.com\/wp-content\/uploads\/2024\/09\/Back-Side-Sealing-Granular-Vertical-Packing-Machine-SW-2030A-150x150.webp 150w, https:\/\/www.shengweimachine.com\/wp-content\/uploads\/2024\/09\/Back-Side-Sealing-Granular-Vertical-Packing-Machine-SW-2030A-768x768.webp 768w\" sizes=\"(max-width: 800px) 100vw, 800px\" \/>\t\t\t\t\t\t\t\t\t\t\t<figcaption class=\"widget-image-caption wp-caption-text\">ShengWei SW-2030A l\u00e0 m\u00e1y \u0111\u00f3ng g\u00f3i d\u1ecdc t\u1ef1 \u0111\u1ed9ng \u0111\u01b0\u1ee3c thi\u1ebft k\u1ebf cho c\u00e1c s\u1ea3n ph\u1ea9m th\u1ef1c ph\u1ea9m d\u1ea1ng h\u1ea1t.<\/figcaption>\n\t\t\t\t\t\t\t\t\t\t<\/figure>\n\t\t\t\t\t\t\t\t\t<\/div>\n\t\t\t\t<\/div>\n\t\t\t\t\t<\/div>\n\t\t<\/div>\n\t\t\t\t<div class=\"elementor-column elementor-col-50 elementor-top-column elementor-element elementor-element-7737537\" data-id=\"7737537\" data-element_type=\"column\" data-e-type=\"column\">\n\t\t\t<div class=\"elementor-widget-wrap elementor-element-populated\">\n\t\t\t\t\t\t<div class=\"elementor-element elementor-element-4840170 elementor-widget elementor-widget-heading\" data-id=\"4840170\" data-element_type=\"widget\" data-e-type=\"widget\" data-widget_type=\"heading.default\">\n\t\t\t\t<div class=\"elementor-widget-container\">\n\t\t\t\t\t<p class=\"elementor-heading-title elementor-size-default\">S\u1ea3n ph\u1ea9m ph\u00f9 h\u1ee3p<\/p>\t\t\t\t<\/div>\n\t\t\t\t<\/div>\n\t\t\t\t<div class=\"elementor-element elementor-element-a5f09f0 elementor-widget__width-initial elementor-widget elementor-widget-html\" data-id=\"a5f09f0\" data-element_type=\"widget\" data-e-type=\"widget\" data-widget_type=\"html.default\">\n\t\t\t\t<div class=\"elementor-widget-container\">\n\t\t\t\t\t<p>M\u00e3 s\u1ea3n ph\u1ea9m: <b>SW-2030A<\/b><br>\r\nT\u1ed1c \u0111\u1ed9 \u0111\u00f3ng g\u00f3i: 60 - 100 t\u00fai \/ ph\u00fat<br>\r\n(T\u00f9y thu\u1ed9c v\u00e0o lo\u1ea1i s\u1ea3n ph\u1ea9m v\u00e0 th\u1ec3 t\u00edch chi\u1ebft r\u00f3t)<\/p>\r\n<p><b>Thi\u1ebft b\u1ecb ph\u00f9 h\u1ee3p cho c\u00e1c lo\u1ea1i b\u1ed9t \u00edt d\u00ednh v\u00e0 v\u1eadt li\u1ec7u d\u1ea1ng h\u1ea1t, ch\u1eb3ng h\u1ea1n nh\u01b0 \u0111\u1eadu ph\u1ed9ng, y\u1ebfn m\u1ea1ch, b\u1ed9t ng\u1ecdt, h\u1ea1t d\u01b0a, \u0111\u01b0\u1eddng, c\u00e1c lo\u1ea1i \u0111\u1eadu v\u00e0 nhi\u1ec1u lo\u1ea1i kh\u00e1c.<\/b><\/p>\r\n\r\n\r\n\t\t\t\t<\/div>\n\t\t\t\t<\/div>\n\t\t\t\t<div class=\"elementor-element elementor-element-5fc0bdc elementor-widget elementor-widget-image\" data-id=\"5fc0bdc\" data-element_type=\"widget\" data-e-type=\"widget\" data-widget_type=\"image.default\">\n\t\t\t\t<div class=\"elementor-widget-container\">\n\t\t\t\t\t\t\t\t\t\t\t\t\t\t\t<img decoding=\"async\" width=\"800\" height=\"659\" src=\"https:\/\/www.shengweimachine.com\/wp-content\/uploads\/2024\/09\/Back-Side-Sealing-Granular-Vertical-Packing-Machine-Suitable-Products.webp\" class=\"attachment-full size-full wp-image-1651\" alt=\"Ba h\u00e0ng hi\u1ec3n th\u1ecb c\u00e1c lo\u1ea1i th\u1ef1c ph\u1ea9m r\u1eddi nh\u01b0 k\u1eb9o d\u1ebbo, \u0111\u1eadu ph\u1ed9ng v\u00e0 k\u1eb9o d\u1ebbo x\u1ed1p \u0111ang \u0111\u01b0\u1ee3c \u0111\u00f3ng g\u00f3i v\u00e0o t\u1eebng t\u00fai ri\u00eang bi\u1ec7t.\" srcset=\"https:\/\/www.shengweimachine.com\/wp-content\/uploads\/2024\/09\/Back-Side-Sealing-Granular-Vertical-Packing-Machine-Suitable-Products.webp 800w, https:\/\/www.shengweimachine.com\/wp-content\/uploads\/2024\/09\/Back-Side-Sealing-Granular-Vertical-Packing-Machine-Suitable-Products-300x247.webp 300w, https:\/\/www.shengweimachine.com\/wp-content\/uploads\/2024\/09\/Back-Side-Sealing-Granular-Vertical-Packing-Machine-Suitable-Products-768x633.webp 768w\" sizes=\"(max-width: 800px) 100vw, 800px\" \/>\t\t\t\t\t\t\t\t\t\t\t\t\t\t\t<\/div>\n\t\t\t\t<\/div>\n\t\t\t\t\t<\/div>\n\t\t<\/div>\n\t\t\t\t\t<\/div>\n\t\t<\/section>\n\t\t\t\t<section class=\"elementor-section elementor-top-section elementor-element elementor-element-c59d0e8 elementor-section-boxed elementor-section-height-default elementor-section-height-default\" data-id=\"c59d0e8\" data-element_type=\"section\" data-e-type=\"section\" data-settings=\"{&quot;background_background&quot;:&quot;classic&quot;}\">\n\t\t\t\t\t\t<div class=\"elementor-container elementor-column-gap-default\">\n\t\t\t\t\t<div class=\"elementor-column elementor-col-50 elementor-top-column elementor-element elementor-element-094ca3a\" data-id=\"094ca3a\" data-element_type=\"column\" data-e-type=\"column\">\n\t\t\t<div class=\"elementor-widget-wrap elementor-element-populated\">\n\t\t\t\t\t\t<div class=\"elementor-element elementor-element-36ce333 elementor-widget elementor-widget-image\" data-id=\"36ce333\" data-element_type=\"widget\" data-e-type=\"widget\" data-widget_type=\"image.default\">\n\t\t\t\t<div class=\"elementor-widget-container\">\n\t\t\t\t\t\t\t\t\t\t\t\t<figure class=\"wp-caption\">\n\t\t\t\t\t\t\t\t\t\t\t<a href=\"https:\/\/www.shengweimachine.com\/wp-content\/uploads\/2024\/09\/Back-Side-Sealing-Granular-Vertical-Packing-Machine.webp\" data-elementor-open-lightbox=\"yes\" data-elementor-lightbox-title=\"ShengWei Vertical Packing Machine\" data-elementor-lightbox-description=\"A vertical form fill seal machine featuring a hopper, film roll, and control panel, capable of packaging up to 6000 bags per hour.\" data-e-action-hash=\"#elementor-action%3Aaction%3Dlightbox%26settings%3DeyJpZCI6MTY1MiwidXJsIjoiaHR0cHM6XC9cL3d3dy5zaGVuZ3dlaW1hY2hpbmUuY29tXC93cC1jb250ZW50XC91cGxvYWRzXC8yMDI0XC8wOVwvQmFjay1TaWRlLVNlYWxpbmctR3JhbnVsYXItVmVydGljYWwtUGFja2luZy1NYWNoaW5lLndlYnAifQ%3D%3D\">\n\t\t\t\t\t\t\t<img decoding=\"async\" width=\"750\" height=\"1177\" src=\"https:\/\/www.shengweimachine.com\/wp-content\/uploads\/2024\/09\/Back-Side-Sealing-Granular-Vertical-Packing-Machine.webp\" class=\"attachment-full size-full wp-image-1652\" alt=\"M\u00e1y \u0111\u00f3ng g\u00f3i d\u1ecdc s\u1ea3n ph\u1ea9m d\u1ea1ng h\u1ea1t v\u1edbi c\u01a1 ch\u1ebf h\u00e0n l\u01b0ng c\u1ee7a ShengWei Machine, k\u00e8m theo v\u00ed d\u1ee5 v\u1ec1 t\u00fai h\u1ea1t h\u01b0\u1edbng d\u01b0\u01a1ng.\" srcset=\"https:\/\/www.shengweimachine.com\/wp-content\/uploads\/2024\/09\/Back-Side-Sealing-Granular-Vertical-Packing-Machine.webp 750w, https:\/\/www.shengweimachine.com\/wp-content\/uploads\/2024\/09\/Back-Side-Sealing-Granular-Vertical-Packing-Machine-191x300.webp 191w, https:\/\/www.shengweimachine.com\/wp-content\/uploads\/2024\/09\/Back-Side-Sealing-Granular-Vertical-Packing-Machine-653x1024.webp 653w\" sizes=\"(max-width: 750px) 100vw, 750px\" \/>\t\t\t\t\t\t\t\t<\/a>\n\t\t\t\t\t\t\t\t\t\t\t<figcaption class=\"widget-image-caption wp-caption-text\">M\u00e1y \u0111\u00f3ng g\u00f3i d\u1ecdc ShengWei n\u00e0y \u0111\u01b0\u1ee3c thi\u1ebft k\u1ebf \u0111\u1ec3 \u0111\u00f3ng g\u00f3i c\u00e1c s\u1ea3n ph\u1ea9m d\u1ea1ng h\u1ea1t v\u1edbi t\u1ed1c \u0111\u1ed9 cao.<\/figcaption>\n\t\t\t\t\t\t\t\t\t\t<\/figure>\n\t\t\t\t\t\t\t\t\t<\/div>\n\t\t\t\t<\/div>\n\t\t\t\t\t<\/div>\n\t\t<\/div>\n\t\t\t\t<div class=\"elementor-column elementor-col-50 elementor-top-column elementor-element elementor-element-a4ad6df\" data-id=\"a4ad6df\" data-element_type=\"column\" data-e-type=\"column\">\n\t\t\t<div class=\"elementor-widget-wrap elementor-element-populated\">\n\t\t\t\t\t\t<div class=\"elementor-element elementor-element-904653e elementor-widget elementor-widget-heading\" data-id=\"904653e\" data-element_type=\"widget\" data-e-type=\"widget\" data-widget_type=\"heading.default\">\n\t\t\t\t<div class=\"elementor-widget-container\">\n\t\t\t\t\t<h2 class=\"elementor-heading-title elementor-size-default\">Th\u00f4ng s\u1ed1 v\u00e0 Quy c\u00e1ch m\u00e1y<\/h2>\t\t\t\t<\/div>\n\t\t\t\t<\/div>\n\t\t\t\t<div class=\"elementor-element elementor-element-b6d29f0 elementor-widget elementor-widget-html\" data-id=\"b6d29f0\" data-element_type=\"widget\" data-e-type=\"widget\" data-widget_type=\"html.default\">\n\t\t\t\t<div class=\"elementor-widget-container\">\n\t\t\t\t\t<style>\r\n  .specs-table {\r\n    border-collapse: collapse;\r\n    width: 100%;\r\n  }\r\n  .specs-table th, .specs-table td {\r\n    border: 1px solid #ddd;\r\n    padding: 8px;\r\n    text-align: left;\r\n  }\r\n  .specs-table th {\r\n    background-color: #BD1818;\r\n    color: white;\r\n  }\r\n  .specs-table td:first-child {\r\n    font-weight: bold;\r\n  }\r\n<\/style>\r\n\r\n<table class=\"specs-table\">\r\n  <tr>\r\n    <th>Th\u00f4ng s\u1ed1 k\u1ef9 thu\u1eadt<\/th>\r\n    <th>Chi ti\u1ebft<\/th>\r\n  <\/tr>\r\n  <tr>\r\n    <td>K\u00edch th\u01b0\u1edbc t\u00fai \u0111\u00f3ng g\u00f3i<\/td>\r\n    <td>Chi\u1ec1u d\u00e0i (L): 50-200mm, Chi\u1ec1u r\u1ed9ng (W): 25-140mm<\/td>\r\n  <\/tr>\r\n  <tr>\r\n    <td>T\u1ed1c \u0111\u1ed9 \u0111\u00f3ng g\u00f3i<\/td>\r\n    <td>60-100 t\u00fai\/ph\u00fat<\/td>\r\n  <\/tr>\r\n  <tr>\r\n    <td>Chi\u1ec1u r\u1ed9ng cu\u1ed9n m\u00e0ng<\/td>\r\n    <td>\u2264300mm<\/td>\r\n  <\/tr>\r\n  <tr>\r\n    <td>Tr\u1ecdng l\u01b0\u1ee3ng t\u1ed5ng<\/td>\r\n    <td>Kho\u1ea3ng 300kg<\/td>\r\n  <\/tr>\r\n  <tr>\r\n    <td>K\u00edch th\u01b0\u1edbc m\u00e1y (D\u00e0i \u00d7 R\u1ed9ng \u00d7 Cao)<\/td>\r\n    <td>1260mm (D\u00e0i) \u00d7 930mm (R\u1ed9ng) \u00d7 1700mm (Cao)<\/td>\r\n  <\/tr>\r\n  <tr>\r\n    <td>\u0110i\u1ec7n \u00e1p<\/td>\r\n    <td>220V \/ 50-60Hz<\/td>\r\n  <\/tr>\r\n  <tr>\r\n    <td>T\u1ed5ng c\u00f4ng su\u1ea5t<\/td>\r\n    <td>1.8KW<\/td>\r\n  <\/tr>\r\n<\/table>\t\t\t\t<\/div>\n\t\t\t\t<\/div>\n\t\t\t\t\t<\/div>\n\t\t<\/div>\n\t\t\t\t\t<\/div>\n\t\t<\/section>\n\t\t\t\t<section class=\"elementor-section elementor-top-section elementor-element elementor-element-68fc43f elementor-section-boxed elementor-section-height-default elementor-section-height-default\" data-id=\"68fc43f\" data-element_type=\"section\" data-e-type=\"section\" data-settings=\"{&quot;background_background&quot;:&quot;classic&quot;}\">\n\t\t\t\t\t\t<div class=\"elementor-container elementor-column-gap-default\">\n\t\t\t\t\t<div class=\"elementor-column elementor-col-50 elementor-top-column elementor-element elementor-element-cfc7c33\" data-id=\"cfc7c33\" data-element_type=\"column\" data-e-type=\"column\">\n\t\t\t<div class=\"elementor-widget-wrap elementor-element-populated\">\n\t\t\t\t\t\t<div class=\"elementor-element elementor-element-33cd7f5 elementor-widget elementor-widget-heading\" data-id=\"33cd7f5\" data-element_type=\"widget\" data-e-type=\"widget\" data-widget_type=\"heading.default\">\n\t\t\t\t<div class=\"elementor-widget-container\">\n\t\t\t\t\t<h2 class=\"elementor-heading-title elementor-size-default\">Chi ti\u1ebft m\u00e1y<\/h2>\t\t\t\t<\/div>\n\t\t\t\t<\/div>\n\t\t\t\t<div class=\"elementor-element elementor-element-165b080 elementor-widget elementor-widget-image\" data-id=\"165b080\" data-element_type=\"widget\" data-e-type=\"widget\" data-widget_type=\"image.default\">\n\t\t\t\t<div class=\"elementor-widget-container\">\n\t\t\t\t\t\t\t\t\t\t\t\t\t\t\t\t<a href=\"#elementor-action%3Aaction%3Dpopup%3Aopen%26settings%3DeyJpZCI6Ijg0MCIsInRvZ2dsZSI6ZmFsc2V9\">\n\t\t\t\t\t\t\t<img decoding=\"async\" width=\"750\" height=\"1605\" src=\"https:\/\/www.shengweimachine.com\/wp-content\/uploads\/2024\/09\/Back-Side-Sealing-Granular-Vertical-Packing-Machine-Details.webp\" class=\"attachment-full size-full wp-image-1653\" alt=\"M\u1ed9t \u0111\u1ed3 h\u1ecda th\u00f4ng tin chi ti\u1ebft hi\u1ec3n th\u1ecb c\u00e1c b\u1ed9 ph\u1eadn c\u1ee7a m\u00e1y \u0111\u00f3ng g\u00f3i d\u1ecdc ShengWei, bao g\u1ed3m khung m\u00e0ng, b\u1ed9 \u0111i\u1ec1u khi\u1ec3n \u0111i\u1ec7n, m\u00e0n h\u00ecnh c\u1ea3m \u1ee9ng, h\u1ec7 th\u1ed1ng n\u1ea1p li\u1ec7u, b\u1ed9 t\u1ea1o t\u00fai v\u00e0 ph\u1ec5u ch\u1ee9a.\" srcset=\"https:\/\/www.shengweimachine.com\/wp-content\/uploads\/2024\/09\/Back-Side-Sealing-Granular-Vertical-Packing-Machine-Details.webp 750w, https:\/\/www.shengweimachine.com\/wp-content\/uploads\/2024\/09\/Back-Side-Sealing-Granular-Vertical-Packing-Machine-Details-140x300.webp 140w, https:\/\/www.shengweimachine.com\/wp-content\/uploads\/2024\/09\/Back-Side-Sealing-Granular-Vertical-Packing-Machine-Details-479x1024.webp 479w, https:\/\/www.shengweimachine.com\/wp-content\/uploads\/2024\/09\/Back-Side-Sealing-Granular-Vertical-Packing-Machine-Details-718x1536.webp 718w\" sizes=\"(max-width: 750px) 100vw, 750px\" \/>\t\t\t\t\t\t\t\t<\/a>\n\t\t\t\t\t\t\t\t\t\t\t\t\t\t\t<\/div>\n\t\t\t\t<\/div>\n\t\t\t\t\t<\/div>\n\t\t<\/div>\n\t\t\t\t<div class=\"elementor-column elementor-col-50 elementor-top-column elementor-element elementor-element-614b354\" data-id=\"614b354\" data-element_type=\"column\" data-e-type=\"column\">\n\t\t\t<div class=\"elementor-widget-wrap elementor-element-populated\">\n\t\t\t\t\t\t<div class=\"elementor-element elementor-element-01398d6 elementor-widget elementor-widget-heading\" data-id=\"01398d6\" data-element_type=\"widget\" data-e-type=\"widget\" data-widget_type=\"heading.default\">\n\t\t\t\t<div class=\"elementor-widget-container\">\n\t\t\t\t\t<h2 class=\"elementor-heading-title elementor-size-default\">V\u1ec1 M\u00e1y m\u00f3c ShengWei<\/h2>\t\t\t\t<\/div>\n\t\t\t\t<\/div>\n\t\t\t\t<div class=\"elementor-element elementor-element-477ee64 elementor-widget elementor-widget-image\" data-id=\"477ee64\" data-element_type=\"widget\" data-e-type=\"widget\" data-widget_type=\"image.default\">\n\t\t\t\t<div class=\"elementor-widget-container\">\n\t\t\t\t\t\t\t\t\t\t\t\t\t\t\t<img decoding=\"async\" width=\"750\" height=\"1343\" src=\"https:\/\/www.shengweimachine.com\/wp-content\/uploads\/2024\/09\/About-ShengWei-Machinery.png\" class=\"attachment-full size-full wp-image-1588\" alt=\"M\u1ed9t \u1ea3nh gh\u00e9p hi\u1ec3n th\u1ecb ngo\u1ea1i th\u1ea5t v\u00e0 n\u1ed9i th\u1ea5t c\u1ee7a nh\u00e0 m\u00e1y Guangdong Shengwei Machinery, bao g\u1ed3m c\u00e1c d\u00e2y chuy\u1ec1n s\u1ea3n xu\u1ea5t, nh\u00e2n vi\u00ean v\u00e0 gi\u00e1 \u0111\u1ec3 h\u00e0ng.\" srcset=\"https:\/\/www.shengweimachine.com\/wp-content\/uploads\/2024\/09\/About-ShengWei-Machinery.png 750w, https:\/\/www.shengweimachine.com\/wp-content\/uploads\/2024\/09\/About-ShengWei-Machinery-168x300.png 168w, https:\/\/www.shengweimachine.com\/wp-content\/uploads\/2024\/09\/About-ShengWei-Machinery-572x1024.png 572w\" sizes=\"(max-width: 750px) 100vw, 750px\" \/>\t\t\t\t\t\t\t\t\t\t\t\t\t\t\t<\/div>\n\t\t\t\t<\/div>\n\t\t\t\t\t<\/div>\n\t\t<\/div>\n\t\t\t\t\t<\/div>\n\t\t<\/section>\n\t\t\t\t<section class=\"elementor-section elementor-top-section elementor-element elementor-element-7c66264 elementor-section-boxed elementor-section-height-default elementor-section-height-default\" data-id=\"7c66264\" data-element_type=\"section\" data-e-type=\"section\" data-settings=\"{&quot;background_background&quot;:&quot;classic&quot;}\">\n\t\t\t\t\t\t<div class=\"elementor-container elementor-column-gap-default\">\n\t\t\t\t\t<div class=\"elementor-column elementor-col-100 elementor-top-column elementor-element elementor-element-14a3ead\" data-id=\"14a3ead\" data-element_type=\"column\" data-e-type=\"column\">\n\t\t\t<div class=\"elementor-widget-wrap elementor-element-populated\">\n\t\t\t\t\t\t<div class=\"elementor-element elementor-element-8e4354f elementor-widget elementor-widget-heading\" data-id=\"8e4354f\" data-element_type=\"widget\" data-e-type=\"widget\" data-widget_type=\"heading.default\">\n\t\t\t\t<div class=\"elementor-widget-container\">\n\t\t\t\t\t<h2 class=\"elementor-heading-title elementor-size-default\">Video<\/h2>\t\t\t\t<\/div>\n\t\t\t\t<\/div>\n\t\t\t\t<div class=\"elementor-element elementor-element-30b019a elementor-widget elementor-widget-video\" data-id=\"30b019a\" data-element_type=\"widget\" data-e-type=\"widget\" data-settings=\"{&quot;youtube_url&quot;:&quot;https:\\\/\\\/www.youtube.com\\\/watch?v=SAQs2pYuzBQ&quot;,&quot;mute&quot;:&quot;yes&quot;,&quot;video_type&quot;:&quot;youtube&quot;,&quot;controls&quot;:&quot;yes&quot;}\" data-widget_type=\"video.default\">\n\t\t\t\t<div class=\"elementor-widget-container\">\n\t\t\t\t\t\t\t<div class=\"elementor-wrapper elementor-open-inline\">\n\t\t\t<div class=\"elementor-video\"><\/div>\t\t<\/div>\n\t\t\t\t\t\t<\/div>\n\t\t\t\t<\/div>\n\t\t\t\t\t<\/div>\n\t\t<\/div>\n\t\t\t\t\t<\/div>\n\t\t<\/section>\n\t\t\t\t<\/div>","protected":false},"excerpt":{"rendered":"<p>Home Back Side Sealing Granular Vertical Packing Machine Back Side Sealing Granular Vertical Packing Machine SW-2030A suitable Products Model No. : SW-2030A Packing Speed: 60 &#8211; 100 bags \/ min (Depends on products&#8217; type and filling volume) It is suitable for less sticky powders and granule materials, such as peanuts, oatmeal, monosodium glutamate, watermelon seeds, [&hellip;]<\/p>\n","protected":false},"author":1,"featured_media":1558,"parent":1542,"menu_order":0,"comment_status":"closed","ping_status":"closed","template":"","meta":{"site-sidebar-layout":"no-sidebar","site-content-layout":"page-builder","ast-site-content-layout":"full-width-container","site-content-style":"default","site-sidebar-style":"default","ast-global-header-display":"","ast-banner-title-visibility":"","ast-main-header-display":"","ast-hfb-above-header-display":"","ast-hfb-below-header-display":"","ast-hfb-mobile-header-display":"","site-post-title":"disabled","ast-breadcrumbs-content":"","ast-featured-img":"disabled","footer-sml-layout":"","ast-disable-related-posts":"","theme-transparent-header-meta":"","adv-header-id-meta":"","stick-header-meta":"","header-above-stick-meta":"","header-main-stick-meta":"","header-below-stick-meta":"","astra-migrate-meta-layouts":"set","ast-page-background-enabled":"default","ast-page-background-meta":{"desktop":{"background-color":"","background-image":"","background-repeat":"repeat","background-position":"center center","background-size":"auto","background-attachment":"scroll","background-type":"","background-media":"","overlay-type":"","overlay-color":"","overlay-opacity":"","overlay-gradient":""},"tablet":{"background-color":"","background-image":"","background-repeat":"repeat","background-position":"center center","background-size":"auto","background-attachment":"scroll","background-type":"","background-media":"","overlay-type":"","overlay-color":"","overlay-opacity":"","overlay-gradient":""},"mobile":{"background-color":"","background-image":"","background-repeat":"repeat","background-position":"center center","background-size":"auto","background-attachment":"scroll","background-type":"","background-media":"","overlay-type":"","overlay-color":"","overlay-opacity":"","overlay-gradient":""}},"ast-content-background-meta":{"desktop":{"background-color":"var(--ast-global-color-5)","background-image":"","background-repeat":"repeat","background-position":"center center","background-size":"auto","background-attachment":"scroll","background-type":"","background-media":"","overlay-type":"","overlay-color":"","overlay-opacity":"","overlay-gradient":""},"tablet":{"background-color":"var(--ast-global-color-5)","background-image":"","background-repeat":"repeat","background-position":"center center","background-size":"auto","background-attachment":"scroll","background-type":"","background-media":"","overlay-type":"","overlay-color":"","overlay-opacity":"","overlay-gradient":""},"mobile":{"background-color":"var(--ast-global-color-5)","background-image":"","background-repeat":"repeat","background-position":"center center","background-size":"auto","background-attachment":"scroll","background-type":"","background-media":"","overlay-type":"","overlay-color":"","overlay-opacity":"","overlay-gradient":""}},"footnotes":""},"class_list":["post-1646","page","type-page","status-publish","has-post-thumbnail","hentry"],"_links":{"self":[{"href":"https:\/\/www.shengweimachine.com\/vi\/wp-json\/wp\/v2\/pages\/1646","targetHints":{"allow":["GET"]}}],"collection":[{"href":"https:\/\/www.shengweimachine.com\/vi\/wp-json\/wp\/v2\/pages"}],"about":[{"href":"https:\/\/www.shengweimachine.com\/vi\/wp-json\/wp\/v2\/types\/page"}],"author":[{"embeddable":true,"href":"https:\/\/www.shengweimachine.com\/vi\/wp-json\/wp\/v2\/users\/1"}],"replies":[{"embeddable":true,"href":"https:\/\/www.shengweimachine.com\/vi\/wp-json\/wp\/v2\/comments?post=1646"}],"version-history":[{"count":5,"href":"https:\/\/www.shengweimachine.com\/vi\/wp-json\/wp\/v2\/pages\/1646\/revisions"}],"predecessor-version":[{"id":2769,"href":"https:\/\/www.shengweimachine.com\/vi\/wp-json\/wp\/v2\/pages\/1646\/revisions\/2769"}],"up":[{"embeddable":true,"href":"https:\/\/www.shengweimachine.com\/vi\/wp-json\/wp\/v2\/pages\/1542"}],"wp:featuredmedia":[{"embeddable":true,"href":"https:\/\/www.shengweimachine.com\/vi\/wp-json\/wp\/v2\/media\/1558"}],"wp:attachment":[{"href":"https:\/\/www.shengweimachine.com\/vi\/wp-json\/wp\/v2\/media?parent=1646"}],"curies":[{"name":"wp","href":"https:\/\/api.w.org\/{rel}","templated":true}]}}