{"id":1761,"date":"2024-09-18T14:36:30","date_gmt":"2024-09-18T14:36:30","guid":{"rendered":"https:\/\/www.shengweimachine.com\/?page_id=1761"},"modified":"2024-09-18T14:41:53","modified_gmt":"2024-09-18T14:41:53","slug":"full-automatic-reciprocating-vertical-packing-machine","status":"publish","type":"page","link":"https:\/\/www.shengweimachine.com\/es\/full-automatic-vertical-packing-machine\/full-automatic-reciprocating-vertical-packing-machine\/","title":{"rendered":"M\u00e1quina de envasado vertical rec\u00edproca totalmente autom\u00e1tica"},"content":{"rendered":"<div data-elementor-type=\"wp-page\" data-elementor-id=\"1761\" class=\"elementor elementor-1761\" data-elementor-post-type=\"page\">\n\t\t\t\t\t\t<section class=\"elementor-section elementor-top-section elementor-element elementor-element-2ccdb1b elementor-hidden-tablet elementor-hidden-mobile elementor-section-boxed elementor-section-height-default elementor-section-height-default\" data-id=\"2ccdb1b\" data-element_type=\"section\" data-e-type=\"section\">\n\t\t\t\t\t\t<div class=\"elementor-container elementor-column-gap-default\">\n\t\t\t\t\t<div class=\"elementor-column elementor-col-100 elementor-top-column elementor-element elementor-element-e9b5896\" data-id=\"e9b5896\" data-element_type=\"column\" data-e-type=\"column\">\n\t\t\t<div class=\"elementor-widget-wrap elementor-element-populated\">\n\t\t\t\t\t\t<div class=\"elementor-element elementor-element-c599380 elementor-widget elementor-widget-breadcrumbs\" data-id=\"c599380\" data-element_type=\"widget\" data-e-type=\"widget\" data-widget_type=\"breadcrumbs.default\">\n\t\t\t\t<div class=\"elementor-widget-container\">\n\t\t\t\t\t<nav aria-label=\"miga de pan\" class=\"rank-math-breadcrumb\"><p><span class=\"last\">Inicio<\/span><\/p><\/nav>\t\t\t\t<\/div>\n\t\t\t\t<\/div>\n\t\t\t\t\t<\/div>\n\t\t<\/div>\n\t\t\t\t\t<\/div>\n\t\t<\/section>\n\t\t\t\t<section class=\"elementor-section elementor-top-section elementor-element elementor-element-dd913b9 elementor-section-boxed elementor-section-height-default elementor-section-height-default\" data-id=\"dd913b9\" data-element_type=\"section\" data-e-type=\"section\">\n\t\t\t\t\t\t<div class=\"elementor-container elementor-column-gap-default\">\n\t\t\t\t\t<div class=\"elementor-column elementor-col-50 elementor-top-column elementor-element elementor-element-ab9deed\" data-id=\"ab9deed\" data-element_type=\"column\" data-e-type=\"column\">\n\t\t\t<div class=\"elementor-widget-wrap elementor-element-populated\">\n\t\t\t\t\t\t<div class=\"elementor-element elementor-element-9c44d3c elementor-widget elementor-widget-heading\" data-id=\"9c44d3c\" data-element_type=\"widget\" data-e-type=\"widget\" data-widget_type=\"heading.default\">\n\t\t\t\t<div class=\"elementor-widget-container\">\n\t\t\t\t\t<h1 class=\"elementor-heading-title elementor-size-default\">M\u00e1quina de envasado vertical rec\u00edproca totalmente autom\u00e1tica<\/h1>\t\t\t\t<\/div>\n\t\t\t\t<\/div>\n\t\t\t\t<div class=\"elementor-element elementor-element-08e2d8e elementor-widget elementor-widget-image\" data-id=\"08e2d8e\" data-element_type=\"widget\" data-e-type=\"widget\" data-widget_type=\"image.default\">\n\t\t\t\t<div class=\"elementor-widget-container\">\n\t\t\t\t\t\t\t\t\t\t\t\t<figure class=\"wp-caption\">\n\t\t\t\t\t\t\t\t\t\t<img decoding=\"async\" width=\"800\" height=\"800\" src=\"https:\/\/www.shengweimachine.com\/wp-content\/uploads\/2024\/09\/Full-Automatic-Reciprocating-Vertical-Packing-Machine-SW-2830B.webp\" class=\"attachment-full size-full wp-image-1555\" alt=\"M\u00e1quina empacadora vertical ShengWei SW-2830B junto a sobres de caf\u00e9 y caf\u00e9 molido.\" srcset=\"https:\/\/www.shengweimachine.com\/wp-content\/uploads\/2024\/09\/Full-Automatic-Reciprocating-Vertical-Packing-Machine-SW-2830B.webp 800w, https:\/\/www.shengweimachine.com\/wp-content\/uploads\/2024\/09\/Full-Automatic-Reciprocating-Vertical-Packing-Machine-SW-2830B-300x300.webp 300w, https:\/\/www.shengweimachine.com\/wp-content\/uploads\/2024\/09\/Full-Automatic-Reciprocating-Vertical-Packing-Machine-SW-2830B-150x150.webp 150w, https:\/\/www.shengweimachine.com\/wp-content\/uploads\/2024\/09\/Full-Automatic-Reciprocating-Vertical-Packing-Machine-SW-2830B-768x768.webp 768w\" sizes=\"(max-width: 800px) 100vw, 800px\" \/>\t\t\t\t\t\t\t\t\t\t\t<figcaption class=\"widget-image-caption wp-caption-text\">La ShengWei SW-2830B es una m\u00e1quina empacadora vertical industrial dise\u00f1ada para sobres peque\u00f1os.<\/figcaption>\n\t\t\t\t\t\t\t\t\t\t<\/figure>\n\t\t\t\t\t\t\t\t\t<\/div>\n\t\t\t\t<\/div>\n\t\t\t\t\t<\/div>\n\t\t<\/div>\n\t\t\t\t<div class=\"elementor-column elementor-col-50 elementor-top-column elementor-element elementor-element-7737537\" data-id=\"7737537\" data-element_type=\"column\" data-e-type=\"column\">\n\t\t\t<div class=\"elementor-widget-wrap elementor-element-populated\">\n\t\t\t\t\t\t<div class=\"elementor-element elementor-element-4840170 elementor-widget elementor-widget-heading\" data-id=\"4840170\" data-element_type=\"widget\" data-e-type=\"widget\" data-widget_type=\"heading.default\">\n\t\t\t\t<div class=\"elementor-widget-container\">\n\t\t\t\t\t<p class=\"elementor-heading-title elementor-size-default\">Productos adecuados<\/p>\t\t\t\t<\/div>\n\t\t\t\t<\/div>\n\t\t\t\t<div class=\"elementor-element elementor-element-a5f09f0 elementor-widget__width-initial elementor-widget elementor-widget-html\" data-id=\"a5f09f0\" data-element_type=\"widget\" data-e-type=\"widget\" data-widget_type=\"html.default\">\n\t\t\t\t<div class=\"elementor-widget-container\">\n\t\t\t\t\t<p>Modelo N.\u00ba: <b>SW-2830B<\/b><br>\r\nVelocidad de envasado: 40 - 100 bolsas \/ min<br>\r\n(Depende del tipo de producto y del volumen de llenado)<\/p>\r\n<p><b>Es adecuada para envasar polvos poco pegajosos y materiales granulares como az\u00facar, caf\u00e9, legumbres en polvo, probi\u00f3ticos y m\u00e1s.<\/b><\/p>\r\n\r\n\r\n\r\n\r\n\t\t\t\t<\/div>\n\t\t\t\t<\/div>\n\t\t\t\t<div class=\"elementor-element elementor-element-5fc0bdc elementor-widget elementor-widget-image\" data-id=\"5fc0bdc\" data-element_type=\"widget\" data-e-type=\"widget\" data-widget_type=\"image.default\">\n\t\t\t\t<div class=\"elementor-widget-container\">\n\t\t\t\t\t\t\t\t\t\t\t\t\t\t\t<img decoding=\"async\" width=\"800\" height=\"654\" src=\"https:\/\/www.shengweimachine.com\/wp-content\/uploads\/2024\/09\/Full-Automatic-Reciprocating-Vertical-Packing-Machine-Suitable-Products.webp\" class=\"attachment-full size-full wp-image-1766\" alt=\"Tres ejemplos de productos alimenticios en polvo siendo empacados en sobres individuales tipo stick por un sistema de empacado vertical de ShengWei Machine.\" srcset=\"https:\/\/www.shengweimachine.com\/wp-content\/uploads\/2024\/09\/Full-Automatic-Reciprocating-Vertical-Packing-Machine-Suitable-Products.webp 800w, https:\/\/www.shengweimachine.com\/wp-content\/uploads\/2024\/09\/Full-Automatic-Reciprocating-Vertical-Packing-Machine-Suitable-Products-300x245.webp 300w, https:\/\/www.shengweimachine.com\/wp-content\/uploads\/2024\/09\/Full-Automatic-Reciprocating-Vertical-Packing-Machine-Suitable-Products-768x628.webp 768w\" sizes=\"(max-width: 800px) 100vw, 800px\" \/>\t\t\t\t\t\t\t\t\t\t\t\t\t\t\t<\/div>\n\t\t\t\t<\/div>\n\t\t\t\t\t<\/div>\n\t\t<\/div>\n\t\t\t\t\t<\/div>\n\t\t<\/section>\n\t\t\t\t<section class=\"elementor-section elementor-top-section elementor-element elementor-element-c59d0e8 elementor-section-boxed elementor-section-height-default elementor-section-height-default\" data-id=\"c59d0e8\" data-element_type=\"section\" data-e-type=\"section\" data-settings=\"{&quot;background_background&quot;:&quot;classic&quot;}\">\n\t\t\t\t\t\t<div class=\"elementor-container elementor-column-gap-default\">\n\t\t\t\t\t<div class=\"elementor-column elementor-col-50 elementor-top-column elementor-element elementor-element-094ca3a\" data-id=\"094ca3a\" data-element_type=\"column\" data-e-type=\"column\">\n\t\t\t<div class=\"elementor-widget-wrap elementor-element-populated\">\n\t\t\t\t\t\t<div class=\"elementor-element elementor-element-36ce333 elementor-widget elementor-widget-image\" data-id=\"36ce333\" data-element_type=\"widget\" data-e-type=\"widget\" data-widget_type=\"image.default\">\n\t\t\t\t<div class=\"elementor-widget-container\">\n\t\t\t\t\t\t\t\t\t\t\t\t<figure class=\"wp-caption\">\n\t\t\t\t\t\t\t\t\t\t\t<a href=\"https:\/\/www.shengweimachine.com\/wp-content\/uploads\/2024\/09\/Full-Automatic-Reciprocating-Vertical-Packing-Machine.webp\" data-elementor-open-lightbox=\"yes\" data-elementor-lightbox-title=\"ShengWei Vertical Packing Machine\" data-elementor-lightbox-description=\"An industrial automatic packing machine shown with coffee stick sachets and ground coffee, capable of producing up to 6000 bags per hour.\" data-e-action-hash=\"#elementor-action%3Aaction%3Dlightbox%26settings%3DeyJpZCI6MTc2NSwidXJsIjoiaHR0cHM6XC9cL3d3dy5zaGVuZ3dlaW1hY2hpbmUuY29tXC93cC1jb250ZW50XC91cGxvYWRzXC8yMDI0XC8wOVwvRnVsbC1BdXRvbWF0aWMtUmVjaXByb2NhdGluZy1WZXJ0aWNhbC1QYWNraW5nLU1hY2hpbmUud2VicCJ9\">\n\t\t\t\t\t\t\t<img decoding=\"async\" width=\"750\" height=\"1147\" src=\"https:\/\/www.shengweimachine.com\/wp-content\/uploads\/2024\/09\/Full-Automatic-Reciprocating-Vertical-Packing-Machine.webp\" class=\"attachment-full size-full wp-image-1765\" alt=\"M\u00e1quina empacadora vertical rec\u00edproca totalmente autom\u00e1tica de ShengWei Machine para sobres de caf\u00e9 tipo stick.\" srcset=\"https:\/\/www.shengweimachine.com\/wp-content\/uploads\/2024\/09\/Full-Automatic-Reciprocating-Vertical-Packing-Machine.webp 750w, https:\/\/www.shengweimachine.com\/wp-content\/uploads\/2024\/09\/Full-Automatic-Reciprocating-Vertical-Packing-Machine-196x300.webp 196w, https:\/\/www.shengweimachine.com\/wp-content\/uploads\/2024\/09\/Full-Automatic-Reciprocating-Vertical-Packing-Machine-670x1024.webp 670w\" sizes=\"(max-width: 750px) 100vw, 750px\" \/>\t\t\t\t\t\t\t\t<\/a>\n\t\t\t\t\t\t\t\t\t\t\t<figcaption class=\"widget-image-caption wp-caption-text\">Esta m\u00e1quina empacadora vertical ShengWei est\u00e1 dise\u00f1ada para una producci\u00f3n estable y de alta velocidad de sobres tipo stick.<\/figcaption>\n\t\t\t\t\t\t\t\t\t\t<\/figure>\n\t\t\t\t\t\t\t\t\t<\/div>\n\t\t\t\t<\/div>\n\t\t\t\t\t<\/div>\n\t\t<\/div>\n\t\t\t\t<div class=\"elementor-column elementor-col-50 elementor-top-column elementor-element elementor-element-a4ad6df\" data-id=\"a4ad6df\" data-element_type=\"column\" data-e-type=\"column\">\n\t\t\t<div class=\"elementor-widget-wrap elementor-element-populated\">\n\t\t\t\t\t\t<div class=\"elementor-element elementor-element-904653e elementor-widget elementor-widget-heading\" data-id=\"904653e\" data-element_type=\"widget\" data-e-type=\"widget\" data-widget_type=\"heading.default\">\n\t\t\t\t<div class=\"elementor-widget-container\">\n\t\t\t\t\t<h2 class=\"elementor-heading-title elementor-size-default\">Par\u00e1metros y especificaciones de la m\u00e1quina<\/h2>\t\t\t\t<\/div>\n\t\t\t\t<\/div>\n\t\t\t\t<div class=\"elementor-element elementor-element-b6d29f0 elementor-widget elementor-widget-html\" data-id=\"b6d29f0\" data-element_type=\"widget\" data-e-type=\"widget\" data-widget_type=\"html.default\">\n\t\t\t\t<div class=\"elementor-widget-container\">\n\t\t\t\t\t<style>\r\n  .specs-table {\r\n    border-collapse: collapse;\r\n    width: 100%;\r\n  }\r\n  .specs-table th, .specs-table td {\r\n    border: 1px solid #ddd;\r\n    padding: 8px;\r\n    text-align: left;\r\n  }\r\n  .specs-table th {\r\n    background-color: #BD1818;\r\n    color: white;\r\n  }\r\n  .specs-table td:first-child {\r\n    font-weight: bold;\r\n  }\r\n<\/style>\r\n\r\n<table class=\"specs-table\">\r\n  <tr>\r\n    <th>Especificaci\u00f3n<\/th>\r\n    <th>Detalles<\/th>\r\n  <\/tr>\r\n  <tr>\r\n    <td>Tama\u00f1o de la bolsa de embalaje<\/td>\r\n    <td>Largo (L): 45-150mm, Ancho (W): 20-100mm<\/td>\r\n  <\/tr>\r\n  <tr>\r\n    <td>Velocidad de embalaje<\/td>\r\n    <td>40-100 bolsas\/min<\/td>\r\n  <\/tr>\r\n  <tr>\r\n    <td>Ancho del rollo de pel\u00edcula<\/td>\r\n    <td>\u2264220 mm<\/td>\r\n  <\/tr>\r\n  <tr>\r\n    <td>Peso bruto<\/td>\r\n    <td>Aprox. 350kg<\/td>\r\n  <\/tr>\r\n  <tr>\r\n    <td>Dimensiones<\/td>\r\n    <td>L800\u00d7A980\u00d7A1800mm<\/td>\r\n  <\/tr>\r\n  <tr>\r\n    <td>Voltaje<\/td>\r\n    <td>220V 50\/60HZ<\/td>\r\n  <\/tr>\r\n  <tr>\r\n    <td>Potencia bruta<\/td>\r\n    <td>2.5KW<\/td>\r\n  <\/tr>\r\n<\/table>\t\t\t\t<\/div>\n\t\t\t\t<\/div>\n\t\t\t\t<div class=\"elementor-element elementor-element-6dd31c3 elementor-widget elementor-widget-heading\" data-id=\"6dd31c3\" data-element_type=\"widget\" data-e-type=\"widget\" data-widget_type=\"heading.default\">\n\t\t\t\t<div class=\"elementor-widget-container\">\n\t\t\t\t\t<h3 class=\"elementor-heading-title elementor-size-default\">caracter\u00edsticas<\/h3>\t\t\t\t<\/div>\n\t\t\t\t<\/div>\n\t\t\t\t<div class=\"elementor-element elementor-element-1772515 elementor-widget elementor-widget-html\" data-id=\"1772515\" data-element_type=\"widget\" data-e-type=\"widget\" data-widget_type=\"html.default\">\n\t\t\t\t<div class=\"elementor-widget-container\">\n\t\t\t\t\t<p><b>Esta m\u00e1quina adopta un sistema neum\u00e1tico inteligente para asegurar un rendimiento estable y una operaci\u00f3n sencilla. Las formas de corte pueden incluir en zigzag, corte recto, redondeado y m\u00e1s.<\/b><\/p>\r\n\t\t\t\t<\/div>\n\t\t\t\t<\/div>\n\t\t\t\t\t<\/div>\n\t\t<\/div>\n\t\t\t\t\t<\/div>\n\t\t<\/section>\n\t\t\t\t<section class=\"elementor-section elementor-top-section elementor-element elementor-element-68fc43f elementor-section-boxed elementor-section-height-default elementor-section-height-default\" data-id=\"68fc43f\" data-element_type=\"section\" data-e-type=\"section\" data-settings=\"{&quot;background_background&quot;:&quot;classic&quot;}\">\n\t\t\t\t\t\t<div class=\"elementor-container elementor-column-gap-default\">\n\t\t\t\t\t<div class=\"elementor-column elementor-col-50 elementor-top-column elementor-element elementor-element-cfc7c33\" data-id=\"cfc7c33\" data-element_type=\"column\" data-e-type=\"column\">\n\t\t\t<div class=\"elementor-widget-wrap elementor-element-populated\">\n\t\t\t\t\t\t<div class=\"elementor-element elementor-element-33cd7f5 elementor-widget elementor-widget-heading\" data-id=\"33cd7f5\" data-element_type=\"widget\" data-e-type=\"widget\" data-widget_type=\"heading.default\">\n\t\t\t\t<div class=\"elementor-widget-container\">\n\t\t\t\t\t<h2 class=\"elementor-heading-title elementor-size-default\">Detalle de la m\u00e1quina<\/h2>\t\t\t\t<\/div>\n\t\t\t\t<\/div>\n\t\t\t\t<div class=\"elementor-element elementor-element-165b080 elementor-widget elementor-widget-image\" data-id=\"165b080\" data-element_type=\"widget\" data-e-type=\"widget\" data-widget_type=\"image.default\">\n\t\t\t\t<div class=\"elementor-widget-container\">\n\t\t\t\t\t\t\t\t\t\t\t\t\t\t\t\t<a href=\"#elementor-action%3Aaction%3Dpopup%3Aopen%26settings%3DeyJpZCI6Ijg0MCIsInRvZ2dsZSI6ZmFsc2V9\">\n\t\t\t\t\t\t\t<img decoding=\"async\" width=\"750\" height=\"1347\" src=\"https:\/\/www.shengweimachine.com\/wp-content\/uploads\/2024\/09\/Full-Automatic-Reciprocating-Vertical-Packing-Machine-Details.webp\" class=\"attachment-full size-full wp-image-1767\" alt=\"Infograf\u00eda que muestra cinco caracter\u00edsticas clave de una m\u00e1quina empacadora vertical ShengWei, incluyendo control PLC, dosificaci\u00f3n, formaci\u00f3n de pel\u00edcula, corte de esquinas y sellado.\" srcset=\"https:\/\/www.shengweimachine.com\/wp-content\/uploads\/2024\/09\/Full-Automatic-Reciprocating-Vertical-Packing-Machine-Details.webp 750w, https:\/\/www.shengweimachine.com\/wp-content\/uploads\/2024\/09\/Full-Automatic-Reciprocating-Vertical-Packing-Machine-Details-167x300.webp 167w, https:\/\/www.shengweimachine.com\/wp-content\/uploads\/2024\/09\/Full-Automatic-Reciprocating-Vertical-Packing-Machine-Details-570x1024.webp 570w\" sizes=\"(max-width: 750px) 100vw, 750px\" \/>\t\t\t\t\t\t\t\t<\/a>\n\t\t\t\t\t\t\t\t\t\t\t\t\t\t\t<\/div>\n\t\t\t\t<\/div>\n\t\t\t\t\t<\/div>\n\t\t<\/div>\n\t\t\t\t<div class=\"elementor-column elementor-col-50 elementor-top-column elementor-element elementor-element-614b354\" data-id=\"614b354\" data-element_type=\"column\" data-e-type=\"column\">\n\t\t\t<div class=\"elementor-widget-wrap elementor-element-populated\">\n\t\t\t\t\t\t<div class=\"elementor-element elementor-element-01398d6 elementor-widget elementor-widget-heading\" data-id=\"01398d6\" data-element_type=\"widget\" data-e-type=\"widget\" data-widget_type=\"heading.default\">\n\t\t\t\t<div class=\"elementor-widget-container\">\n\t\t\t\t\t<h2 class=\"elementor-heading-title elementor-size-default\">Acerca de ShengWei Machinery<\/h2>\t\t\t\t<\/div>\n\t\t\t\t<\/div>\n\t\t\t\t<div class=\"elementor-element elementor-element-477ee64 elementor-widget elementor-widget-image\" data-id=\"477ee64\" data-element_type=\"widget\" data-e-type=\"widget\" data-widget_type=\"image.default\">\n\t\t\t\t<div class=\"elementor-widget-container\">\n\t\t\t\t\t\t\t\t\t\t\t\t\t\t\t<img decoding=\"async\" width=\"750\" height=\"1343\" src=\"https:\/\/www.shengweimachine.com\/wp-content\/uploads\/2024\/09\/About-ShengWei-Machinery.png\" class=\"attachment-full size-full wp-image-1588\" alt=\"Un collage que muestra el exterior e interior de la f\u00e1brica de Guangdong Shengwei Machinery, incluyendo l\u00edneas de producci\u00f3n, personal y estantes de almacenamiento.\" srcset=\"https:\/\/www.shengweimachine.com\/wp-content\/uploads\/2024\/09\/About-ShengWei-Machinery.png 750w, https:\/\/www.shengweimachine.com\/wp-content\/uploads\/2024\/09\/About-ShengWei-Machinery-168x300.png 168w, https:\/\/www.shengweimachine.com\/wp-content\/uploads\/2024\/09\/About-ShengWei-Machinery-572x1024.png 572w\" sizes=\"(max-width: 750px) 100vw, 750px\" \/>\t\t\t\t\t\t\t\t\t\t\t\t\t\t\t<\/div>\n\t\t\t\t<\/div>\n\t\t\t\t\t<\/div>\n\t\t<\/div>\n\t\t\t\t\t<\/div>\n\t\t<\/section>\n\t\t\t\t<section class=\"elementor-section elementor-top-section elementor-element elementor-element-7c66264 elementor-section-boxed elementor-section-height-default elementor-section-height-default\" data-id=\"7c66264\" data-element_type=\"section\" data-e-type=\"section\" data-settings=\"{&quot;background_background&quot;:&quot;classic&quot;}\">\n\t\t\t\t\t\t<div class=\"elementor-container elementor-column-gap-default\">\n\t\t\t\t\t<div class=\"elementor-column elementor-col-100 elementor-top-column elementor-element elementor-element-14a3ead\" data-id=\"14a3ead\" data-element_type=\"column\" data-e-type=\"column\">\n\t\t\t<div class=\"elementor-widget-wrap elementor-element-populated\">\n\t\t\t\t\t\t<div class=\"elementor-element elementor-element-8e4354f elementor-widget elementor-widget-heading\" data-id=\"8e4354f\" data-element_type=\"widget\" data-e-type=\"widget\" data-widget_type=\"heading.default\">\n\t\t\t\t<div class=\"elementor-widget-container\">\n\t\t\t\t\t<h2 class=\"elementor-heading-title elementor-size-default\">V\u00eddeos<\/h2>\t\t\t\t<\/div>\n\t\t\t\t<\/div>\n\t\t\t\t<div class=\"elementor-element elementor-element-30b019a elementor-widget elementor-widget-video\" data-id=\"30b019a\" data-element_type=\"widget\" data-e-type=\"widget\" data-settings=\"{&quot;youtube_url&quot;:&quot;https:\\\/\\\/www.youtube.com\\\/watch?v=IlTeQm4bbDU&quot;,&quot;mute&quot;:&quot;yes&quot;,&quot;video_type&quot;:&quot;youtube&quot;,&quot;controls&quot;:&quot;yes&quot;}\" data-widget_type=\"video.default\">\n\t\t\t\t<div class=\"elementor-widget-container\">\n\t\t\t\t\t\t\t<div class=\"elementor-wrapper elementor-open-inline\">\n\t\t\t<div class=\"elementor-video\"><\/div>\t\t<\/div>\n\t\t\t\t\t\t<\/div>\n\t\t\t\t<\/div>\n\t\t\t\t\t<\/div>\n\t\t<\/div>\n\t\t\t\t\t<\/div>\n\t\t<\/section>\n\t\t\t\t<\/div>","protected":false},"excerpt":{"rendered":"<p>Home Full Automatic Reciprocating Vertical Packing Machine Full Automatic Reciprocating Vertical Packing Machine SW-2830B suitable Products Model No. : SW-2830B Packing Speed: 40 &#8211; 100 bags \/ min (Depends on products&#8217; type and filling volume) It is suitable for packing less sticky powders and granular materials such as sugar, coffee, bean powder, probiotics, and more. [&hellip;]<\/p>\n","protected":false},"author":1,"featured_media":1555,"parent":1542,"menu_order":0,"comment_status":"closed","ping_status":"closed","template":"","meta":{"site-sidebar-layout":"no-sidebar","site-content-layout":"page-builder","ast-site-content-layout":"full-width-container","site-content-style":"default","site-sidebar-style":"default","ast-global-header-display":"","ast-banner-title-visibility":"","ast-main-header-display":"","ast-hfb-above-header-display":"","ast-hfb-below-header-display":"","ast-hfb-mobile-header-display":"","site-post-title":"disabled","ast-breadcrumbs-content":"","ast-featured-img":"disabled","footer-sml-layout":"","ast-disable-related-posts":"","theme-transparent-header-meta":"","adv-header-id-meta":"","stick-header-meta":"","header-above-stick-meta":"","header-main-stick-meta":"","header-below-stick-meta":"","astra-migrate-meta-layouts":"set","ast-page-background-enabled":"default","ast-page-background-meta":{"desktop":{"background-color":"","background-image":"","background-repeat":"repeat","background-position":"center center","background-size":"auto","background-attachment":"scroll","background-type":"","background-media":"","overlay-type":"","overlay-color":"","overlay-opacity":"","overlay-gradient":""},"tablet":{"background-color":"","background-image":"","background-repeat":"repeat","background-position":"center center","background-size":"auto","background-attachment":"scroll","background-type":"","background-media":"","overlay-type":"","overlay-color":"","overlay-opacity":"","overlay-gradient":""},"mobile":{"background-color":"","background-image":"","background-repeat":"repeat","background-position":"center center","background-size":"auto","background-attachment":"scroll","background-type":"","background-media":"","overlay-type":"","overlay-color":"","overlay-opacity":"","overlay-gradient":""}},"ast-content-background-meta":{"desktop":{"background-color":"var(--ast-global-color-5)","background-image":"","background-repeat":"repeat","background-position":"center center","background-size":"auto","background-attachment":"scroll","background-type":"","background-media":"","overlay-type":"","overlay-color":"","overlay-opacity":"","overlay-gradient":""},"tablet":{"background-color":"var(--ast-global-color-5)","background-image":"","background-repeat":"repeat","background-position":"center center","background-size":"auto","background-attachment":"scroll","background-type":"","background-media":"","overlay-type":"","overlay-color":"","overlay-opacity":"","overlay-gradient":""},"mobile":{"background-color":"var(--ast-global-color-5)","background-image":"","background-repeat":"repeat","background-position":"center center","background-size":"auto","background-attachment":"scroll","background-type":"","background-media":"","overlay-type":"","overlay-color":"","overlay-opacity":"","overlay-gradient":""}},"footnotes":""},"class_list":["post-1761","page","type-page","status-publish","has-post-thumbnail","hentry"],"_links":{"self":[{"href":"https:\/\/www.shengweimachine.com\/es\/wp-json\/wp\/v2\/pages\/1761","targetHints":{"allow":["GET"]}}],"collection":[{"href":"https:\/\/www.shengweimachine.com\/es\/wp-json\/wp\/v2\/pages"}],"about":[{"href":"https:\/\/www.shengweimachine.com\/es\/wp-json\/wp\/v2\/types\/page"}],"author":[{"embeddable":true,"href":"https:\/\/www.shengweimachine.com\/es\/wp-json\/wp\/v2\/users\/1"}],"replies":[{"embeddable":true,"href":"https:\/\/www.shengweimachine.com\/es\/wp-json\/wp\/v2\/comments?post=1761"}],"version-history":[{"count":4,"href":"https:\/\/www.shengweimachine.com\/es\/wp-json\/wp\/v2\/pages\/1761\/revisions"}],"predecessor-version":[{"id":1770,"href":"https:\/\/www.shengweimachine.com\/es\/wp-json\/wp\/v2\/pages\/1761\/revisions\/1770"}],"up":[{"embeddable":true,"href":"https:\/\/www.shengweimachine.com\/es\/wp-json\/wp\/v2\/pages\/1542"}],"wp:featuredmedia":[{"embeddable":true,"href":"https:\/\/www.shengweimachine.com\/es\/wp-json\/wp\/v2\/media\/1555"}],"wp:attachment":[{"href":"https:\/\/www.shengweimachine.com\/es\/wp-json\/wp\/v2\/media?parent=1761"}],"curies":[{"name":"wp","href":"https:\/\/api.w.org\/{rel}","templated":true}]}}